{"id":2,"date":"2024-10-28T18:27:49","date_gmt":"2024-10-28T17:27:49","guid":{"rendered":"http:\/\/carros-informatique.com\/?page_id=2"},"modified":"2025-07-20T09:22:06","modified_gmt":"2025-07-20T07:22:06","slug":"page-d-exemple","status":"publish","type":"page","link":"https:\/\/carros-informatique.com\/","title":{"rendered":"Maintenance num\u00e9rique \u00e0 vos mesures."},"content":{"rendered":"\n<h3 class=\"wp-block-heading alignwide has-text-align-center has-primary-color has-text-color has-link-color wp-elements-d00ed1fa7c5eb23c2c262898c11fbcc8\"><strong>Maintenance d&rsquo;ordinateurs t\u00e9l\u00e9phones mobiles et tablettes, d\u00e9pannage express. Vente de mat\u00e9riel neuf et reconditionn\u00e9.<\/strong> <br><strong>Un seul num\u00e9ro sur Carros : le 04 92 47 28 31<\/strong><\/h3>\n\n\n\n<blockquote class=\"wp-block-quote is-layout-flow wp-block-quote-is-layout-flow\"><\/blockquote>\n\n\n\n<p><\/p>\n\n\n\n<blockquote class=\"wp-block-quote is-layout-flow wp-block-quote-is-layout-flow\">\n<p><\/p>\n<\/blockquote>\n\n\n\n<p><\/p>\n","protected":false},"excerpt":{"rendered":"<p>Maintenance d&rsquo;ordinateurs t\u00e9l\u00e9phones mobiles et tablettes, d\u00e9pannage express. Vente de mat\u00e9riel neuf et reconditionn\u00e9. Un seul num\u00e9ro sur Carros : le 04 92 47 28 31<\/p>\n","protected":false},"author":1,"featured_media":0,"parent":0,"menu_order":0,"comment_status":"closed","ping_status":"open","template":"","meta":{"footnotes":""},"class_list":["post-2","page","type-page","status-publish","hentry"],"_links":{"self":[{"href":"https:\/\/carros-informatique.com\/index.php?rest_route=\/wp\/v2\/pages\/2","targetHints":{"allow":["GET"]}}],"collection":[{"href":"https:\/\/carros-informatique.com\/index.php?rest_route=\/wp\/v2\/pages"}],"about":[{"href":"https:\/\/carros-informatique.com\/index.php?rest_route=\/wp\/v2\/types\/page"}],"author":[{"embeddable":true,"href":"https:\/\/carros-informatique.com\/index.php?rest_route=\/wp\/v2\/users\/1"}],"replies":[{"embeddable":true,"href":"https:\/\/carros-informatique.com\/index.php?rest_route=%2Fwp%2Fv2%2Fcomments&post=2"}],"version-history":[{"count":10,"href":"https:\/\/carros-informatique.com\/index.php?rest_route=\/wp\/v2\/pages\/2\/revisions"}],"predecessor-version":[{"id":47,"href":"https:\/\/carros-informatique.com\/index.php?rest_route=\/wp\/v2\/pages\/2\/revisions\/47"}],"wp:attachment":[{"href":"https:\/\/carros-informatique.com\/index.php?rest_route=%2Fwp%2Fv2%2Fmedia&parent=2"}],"curies":[{"name":"wp","href":"https:\/\/api.w.org\/{rel}","templated":true}]}}